{"id":18,"date":"2026-03-16T11:32:00","date_gmt":"2026-03-16T11:32:00","guid":{"rendered":"http:\/\/localhost\/malva\/?page_id=18"},"modified":"2026-04-07T08:18:07","modified_gmt":"2026-04-07T08:18:07","slug":"coming-soon","status":"publish","type":"page","link":"https:\/\/malva.ro\/ro\/","title":{"rendered":"coming soon"},"content":{"rendered":"<div class=\"wp-block-cover alignfull is-light\" style=\"min-height:100vh;aspect-ratio:unset;\"><img decoding=\"async\" class=\"wp-block-cover__image-background wp-image-83 size-large\" alt=\"\" src=\"https:\/\/malva.ro\/wp-content\/uploads\/2026\/03\/0_45_bw-1024x585.png\" data-object-fit=\"cover\"\/><span aria-hidden=\"true\" class=\"wp-block-cover__background has-background-dim-0 has-background-dim\" style=\"background-color:#e2e2de\"><\/span><div class=\"wp-block-cover__inner-container is-layout-constrained wp-block-cover-is-layout-constrained\">\n<div class=\"wp-block-columns malva-gap is-layout-flex wp-container-core-columns-is-layout-28f84493 wp-block-columns-is-layout-flex\">\n<div class=\"wp-block-column is-layout-flow wp-block-column-is-layout-flow\" style=\"flex-basis:33.33%\">\n<figure class=\"wp-block-image size-large is-resized\"><img decoding=\"async\" src=\"https:\/\/malva.ro\/wp-content\/uploads\/2026\/03\/logo-malva-1024x740.png\" alt=\"\" class=\"wp-image-95\" style=\"aspect-ratio:1.3838009791982504;width:605px;height:auto\"\/><\/figure>\n<\/div>\n\n\n\n<div class=\"wp-block-column is-vertically-aligned-center malva-right is-layout-flow wp-block-column-is-layout-flow\" style=\"flex-basis:66.66%\">\n<div class=\"wp-block-group alignwide is-layout-constrained wp-block-group-is-layout-constrained\">\n<h2 class=\"wp-block-heading alignfull\"><strong><strong><strong>Lucr\u0103m la o nou\u0103 \u00eenf\u0103\u021bi\u0219are<\/strong><\/strong><\/strong><\/h2>\n\n\n\n<p><strong>creat cu grij\u0103, vom dezv\u0103lui \u00een cur\u00e2nd \u2013 r\u0103m\u00e2ne\u021bi cu noi<\/strong><\/p>\n\n\n\n<div class=\"malva-footer\">\n\n\n\n<p class=\"malva-email\">\n    <a href=\"mailto:office@malva.ro\" class=\"email-link\">\n        <span class=\"icon-mail\"><\/span>\n        office@malva.ro\n    <\/a>\n<\/p>\n\n\n\n<p><a class=\"icon-fb\" href=\"https:\/\/www.facebook.com\/MalvaTeam\/\" target=\"_blank\" rel=\"noopener\"><\/a><a class=\"icon-ln\" href=\"https:\/\/www.linkedin.com\/company\/malva-team\/?viewAsMember=true\" target=\"_blank\" rel=\"noopener\"><\/a><\/p>\n<\/div>\n<\/div>\n<\/div>\n<\/div><\/div>","protected":false},"excerpt":{"rendered":"","protected":false},"author":1,"featured_media":0,"parent":0,"menu_order":0,"comment_status":"closed","ping_status":"closed","template":"","meta":{"footnotes":""},"class_list":["post-18","page","type-page","status-publish","hentry"],"blocksy_meta":{"disable_featured_image":"yes","disable_share_box":"yes","disable_header":"yes","disable_footer":"yes","page_structure_type":"default","background":{"background_type":"color","background_pattern":"type-1","background_image":{"attachment_id":null,"x":0,"y":0},"gradient":"linear-gradient(135deg,rgba(6,147,227,1) 0%,rgb(155,81,224) 100%)","background_repeat":"repeat","background_size":"auto","background_attachment":"scroll","patternColor":{"default":{"color":"#e5e7ea"}},"overlayColor":{"default":{"color":"CT_CSS_SKIP_RULE"}},"backgroundColor":{"default":{"color":"rgba(255, 255, 255, 0.03)"}}},"styles_descriptor":{"styles":{"desktop":"[data-prefix=\"single_page\"] {background-color:rgba(255, 255, 255, 0.03);background-image:none;}","tablet":"","mobile":""},"google_fonts":[],"version":6},"has_hero_section":"disabled","vertical_spacing_source":"custom","content_area_spacing":"none","content_style_source":"inherit"},"_links":{"self":[{"href":"https:\/\/malva.ro\/ro\/wp-json\/wp\/v2\/pages\/18","targetHints":{"allow":["GET"]}}],"collection":[{"href":"https:\/\/malva.ro\/ro\/wp-json\/wp\/v2\/pages"}],"about":[{"href":"https:\/\/malva.ro\/ro\/wp-json\/wp\/v2\/types\/page"}],"author":[{"embeddable":true,"href":"https:\/\/malva.ro\/ro\/wp-json\/wp\/v2\/users\/1"}],"replies":[{"embeddable":true,"href":"https:\/\/malva.ro\/ro\/wp-json\/wp\/v2\/comments?post=18"}],"version-history":[{"count":9,"href":"https:\/\/malva.ro\/ro\/wp-json\/wp\/v2\/pages\/18\/revisions"}],"predecessor-version":[{"id":41,"href":"https:\/\/malva.ro\/ro\/wp-json\/wp\/v2\/pages\/18\/revisions\/41"}],"wp:attachment":[{"href":"https:\/\/malva.ro\/ro\/wp-json\/wp\/v2\/media?parent=18"}],"curies":[{"name":"wp","href":"https:\/\/api.w.org\/{rel}","templated":true}]}}